{"id":414,"date":"2025-11-06T15:39:43","date_gmt":"2025-11-06T15:39:43","guid":{"rendered":"https:\/\/privatechefjavier.com\/?page_id=414"},"modified":"2025-11-09T18:31:20","modified_gmt":"2025-11-09T18:31:20","slug":"mentions-legales","status":"publish","type":"page","link":"https:\/\/privatechefjavier.com\/en\/mentions-legales\/","title":{"rendered":"Mentions L\u00e9gales"},"content":{"rendered":"<div data-elementor-type=\"wp-page\" data-elementor-id=\"414\" class=\"elementor elementor-414\" data-elementor-post-type=\"page\">\n\t\t\t\t\t\t<section class=\"elementor-section elementor-top-section elementor-element elementor-element-684d0f83 elementor-section-full_width elementor-section-height-default elementor-section-height-default\" data-id=\"684d0f83\" data-element_type=\"section\" data-settings=\"{&quot;background_background&quot;:&quot;classic&quot;}\">\n\t\t\t\t\t\t\t<div class=\"elementor-background-overlay\"><\/div>\n\t\t\t\t\t\t\t<div class=\"elementor-container elementor-column-gap-default\">\n\t\t\t\t\t<div class=\"elementor-column elementor-col-100 elementor-top-column elementor-element elementor-element-47d21297\" data-id=\"47d21297\" data-element_type=\"column\" data-settings=\"{&quot;background_background&quot;:&quot;classic&quot;}\">\n\t\t\t<div class=\"elementor-widget-wrap elementor-element-populated\">\n\t\t\t\t\t<div class=\"elementor-background-overlay\"><\/div>\n\t\t\t\t\t\t<div class=\"elementor-element elementor-element-5eadf905 elementor-widget elementor-widget-spacer\" data-id=\"5eadf905\" data-element_type=\"widget\" data-widget_type=\"spacer.default\">\n\t\t\t\t\t\t\t<div class=\"elementor-spacer\">\n\t\t\t<div class=\"elementor-spacer-inner\"><\/div>\n\t\t<\/div>\n\t\t\t\t\t\t<\/div>\n\t\t\t\t<div class=\"elementor-element elementor-element-5f5c36bb elementor-widget elementor-widget-spacer\" data-id=\"5f5c36bb\" data-element_type=\"widget\" data-widget_type=\"spacer.default\">\n\t\t\t\t\t\t\t<div class=\"elementor-spacer\">\n\t\t\t<div class=\"elementor-spacer-inner\"><\/div>\n\t\t<\/div>\n\t\t\t\t\t\t<\/div>\n\t\t\t\t<div class=\"elementor-element elementor-element-1a9e36fa elementor-invisible elementor-widget elementor-widget-heading\" data-id=\"1a9e36fa\" data-element_type=\"widget\" data-settings=\"{&quot;_animation&quot;:&quot;fadeInUp&quot;}\" data-widget_type=\"heading.default\">\n\t\t\t\t\t<h1 class=\"elementor-heading-title elementor-size-default\">MENTIONS L\u00e9gales<\/h1>\t\t\t\t<\/div>\n\t\t\t\t<div class=\"elementor-element elementor-element-2c9ea0c1 elementor-widget elementor-widget-spacer\" data-id=\"2c9ea0c1\" data-element_type=\"widget\" data-widget_type=\"spacer.default\">\n\t\t\t\t\t\t\t<div class=\"elementor-spacer\">\n\t\t\t<div class=\"elementor-spacer-inner\"><\/div>\n\t\t<\/div>\n\t\t\t\t\t\t<\/div>\n\t\t\t\t\t<\/div>\n\t\t<\/div>\n\t\t\t\t\t<\/div>\n\t\t<\/section>\n\t\t\t\t<section class=\"elementor-section elementor-top-section elementor-element elementor-element-9f0002 elementor-section-boxed elementor-section-height-default elementor-section-height-default\" data-id=\"9f0002\" data-element_type=\"section\" data-settings=\"{&quot;background_background&quot;:&quot;classic&quot;}\">\n\t\t\t\t\t\t<div class=\"elementor-container elementor-column-gap-default\">\n\t\t\t\t\t<div class=\"elementor-column elementor-col-100 elementor-top-column elementor-element elementor-element-33c825c3\" data-id=\"33c825c3\" data-element_type=\"column\">\n\t\t\t<div class=\"elementor-widget-wrap elementor-element-populated\">\n\t\t\t\t\t\t<div class=\"elementor-element elementor-element-41e123c0 elementor-widget elementor-widget-spacer\" data-id=\"41e123c0\" data-element_type=\"widget\" data-widget_type=\"spacer.default\">\n\t\t\t\t\t\t\t<div class=\"elementor-spacer\">\n\t\t\t<div class=\"elementor-spacer-inner\"><\/div>\n\t\t<\/div>\n\t\t\t\t\t\t<\/div>\n\t\t\t\t<div class=\"elementor-element elementor-element-4c2d96a elementor-tabs-view-vertical elementor-widget elementor-widget-tabs\" data-id=\"4c2d96a\" data-element_type=\"widget\" data-widget_type=\"tabs.default\">\n\t\t\t\t\t\t\t<div class=\"elementor-tabs\">\n\t\t\t<div class=\"elementor-tabs-wrapper\" role=\"tablist\" >\n\t\t\t\t\t\t\t\t\t<div id=\"elementor-tab-title-7981\" class=\"elementor-tab-title elementor-tab-desktop-title\" aria-selected=\"true\" data-tab=\"1\" role=\"tab\" tabindex=\"0\" aria-controls=\"elementor-tab-content-7981\" aria-expanded=\"false\">Propri\u00e9t\u00e9 du site<\/div>\n\t\t\t\t\t\t\t\t\t<div id=\"elementor-tab-title-7982\" class=\"elementor-tab-title elementor-tab-desktop-title\" aria-selected=\"false\" data-tab=\"2\" role=\"tab\" tabindex=\"-1\" aria-controls=\"elementor-tab-content-7982\" aria-expanded=\"false\">H\u00e9bergement du site<\/div>\n\t\t\t\t\t\t\t\t\t<div id=\"elementor-tab-title-7983\" class=\"elementor-tab-title elementor-tab-desktop-title\" aria-selected=\"false\" data-tab=\"3\" role=\"tab\" tabindex=\"-1\" aria-controls=\"elementor-tab-content-7983\" aria-expanded=\"false\">Conception du site<\/div>\n\t\t\t\t\t\t\t\t\t<div id=\"elementor-tab-title-7984\" class=\"elementor-tab-title elementor-tab-desktop-title\" aria-selected=\"false\" data-tab=\"4\" role=\"tab\" tabindex=\"-1\" aria-controls=\"elementor-tab-content-7984\" aria-expanded=\"false\">Photographies<\/div>\n\t\t\t\t\t\t\t\t\t<div id=\"elementor-tab-title-7985\" class=\"elementor-tab-title elementor-tab-desktop-title\" aria-selected=\"false\" data-tab=\"5\" role=\"tab\" tabindex=\"-1\" aria-controls=\"elementor-tab-content-7985\" aria-expanded=\"false\">Propri\u00e9t\u00e9 intellectuelle<\/div>\n\t\t\t\t\t\t\t\t\t<div id=\"elementor-tab-title-7986\" class=\"elementor-tab-title elementor-tab-desktop-title\" aria-selected=\"false\" data-tab=\"6\" role=\"tab\" tabindex=\"-1\" aria-controls=\"elementor-tab-content-7986\" aria-expanded=\"false\">Responsabilit\u00e9<\/div>\n\t\t\t\t\t\t\t<\/div>\n\t\t\t<div class=\"elementor-tabs-content-wrapper\" role=\"tablist\" aria-orientation=\"vertical\">\n\t\t\t\t\t\t\t\t\t<div class=\"elementor-tab-title elementor-tab-mobile-title\" aria-selected=\"true\" data-tab=\"1\" role=\"tab\" tabindex=\"0\" aria-controls=\"elementor-tab-content-7981\" aria-expanded=\"false\">Propri\u00e9t\u00e9 du site<\/div>\n\t\t\t\t\t<div id=\"elementor-tab-content-7981\" class=\"elementor-tab-content elementor-clearfix\" data-tab=\"1\" role=\"tabpanel\" aria-labelledby=\"elementor-tab-title-7981\" tabindex=\"0\" hidden=\"false\"><p><strong>FERNANDEZ GARCIA Javier<\/strong><\/p><p>Entrepreneur individuel<br data-start=\"255\" data-end=\"258\" \/>SIREN : 992 090 613<br data-start=\"277\" data-end=\"280\" \/>SIRET : 992 090 613 00017<br data-start=\"305\" data-end=\"308\" \/>RCS : Avignon<br data-start=\"321\" data-end=\"324\" \/>Adresse : Passage de la Fontaine, 84750 Saint-Martin-de-Castillon, France<br data-start=\"397\" data-end=\"400\" \/>Code APE : 56.21Z \u2013 Services des traiteurs<br data-start=\"442\" data-end=\"445\" \/>TVA intracommunautaire : FR93992090613<br data-start=\"483\" data-end=\"486\" \/>Nom commercial : Private Chef Javier<br data-start=\"522\" data-end=\"525\" \/>E-mail : contact@privatechefjavier.com<\/p><\/div>\n\t\t\t\t\t\t\t\t\t<div class=\"elementor-tab-title elementor-tab-mobile-title\" aria-selected=\"false\" data-tab=\"2\" role=\"tab\" tabindex=\"-1\" aria-controls=\"elementor-tab-content-7982\" aria-expanded=\"false\">H\u00e9bergement du site<\/div>\n\t\t\t\t\t<div id=\"elementor-tab-content-7982\" class=\"elementor-tab-content elementor-clearfix\" data-tab=\"2\" role=\"tabpanel\" aria-labelledby=\"elementor-tab-title-7982\" tabindex=\"0\" hidden=\"hidden\"><p><strong>Hostinger International Ltd<\/strong><br data-start=\"697\" data-end=\"700\" \/>Adresse : 61 Lordou Vironos Street, 6023 Larnaca, Chypre<br data-start=\"756\" data-end=\"759\" \/>Site web : <a class=\"decorated-link\" href=\"https:\/\/www.hostinger.fr\" target=\"_new\" rel=\"noopener\" data-start=\"770\" data-end=\"822\">https:\/\/www.hostinger.fr<\/a><\/p><\/div>\n\t\t\t\t\t\t\t\t\t<div class=\"elementor-tab-title elementor-tab-mobile-title\" aria-selected=\"false\" data-tab=\"3\" role=\"tab\" tabindex=\"-1\" aria-controls=\"elementor-tab-content-7983\" aria-expanded=\"false\">Conception du site<\/div>\n\t\t\t\t\t<div id=\"elementor-tab-content-7983\" class=\"elementor-tab-content elementor-clearfix\" data-tab=\"3\" role=\"tabpanel\" aria-labelledby=\"elementor-tab-title-7983\" tabindex=\"0\" hidden=\"hidden\"><p><strong>Dounia Kies<\/strong> \u2013 Cr\u00e9ation de sites web pour PME et ind\u00e9pendants<\/p><p>Site web : www.douniakies-siteweb.com<br data-start=\"976\" data-end=\"979\" \/>E-mail : douniakies.web@gmail.com<\/p><p><strong data-start=\"826\" data-end=\"859\">Directeur de la publication :<\/strong><br data-start=\"859\" data-end=\"862\" \/>FERNANDEZ GARCIA Javier<\/p><\/div>\n\t\t\t\t\t\t\t\t\t<div class=\"elementor-tab-title elementor-tab-mobile-title\" aria-selected=\"false\" data-tab=\"4\" role=\"tab\" tabindex=\"-1\" aria-controls=\"elementor-tab-content-7984\" aria-expanded=\"false\">Photographies<\/div>\n\t\t\t\t\t<div id=\"elementor-tab-content-7984\" class=\"elementor-tab-content elementor-clearfix\" data-tab=\"4\" role=\"tabpanel\" aria-labelledby=\"elementor-tab-title-7984\" tabindex=\"0\" hidden=\"hidden\"><p><strong>Photos \u00a9 Laura Jonneskindt \/ Studio Cerise<\/strong><\/p><p>Site web : https:\/\/www.studiocerise.fr\/<\/p><p><br data-start=\"1082\" data-end=\"1085\" \/>Toute reproduction, diffusion ou modification sans autorisation pr\u00e9alable est interdite.<\/p><\/div>\n\t\t\t\t\t\t\t\t\t<div class=\"elementor-tab-title elementor-tab-mobile-title\" aria-selected=\"false\" data-tab=\"5\" role=\"tab\" tabindex=\"-1\" aria-controls=\"elementor-tab-content-7985\" aria-expanded=\"false\">Propri\u00e9t\u00e9 intellectuelle<\/div>\n\t\t\t\t\t<div id=\"elementor-tab-content-7985\" class=\"elementor-tab-content elementor-clearfix\" data-tab=\"5\" role=\"tabpanel\" aria-labelledby=\"elementor-tab-title-7985\" tabindex=\"0\" hidden=\"hidden\"><p>L\u2019ensemble du contenu (textes, images, vid\u00e9os, graphismes, logo, structure) est la propri\u00e9t\u00e9 exclusive de Private Chef Javier, sauf mention contraire.<br data-start=\"1360\" data-end=\"1363\" \/>Toute reproduction, distribution ou utilisation sans autorisation \u00e9crite est strictement interdite.<\/p><\/div>\n\t\t\t\t\t\t\t\t\t<div class=\"elementor-tab-title elementor-tab-mobile-title\" aria-selected=\"false\" data-tab=\"6\" role=\"tab\" tabindex=\"-1\" aria-controls=\"elementor-tab-content-7986\" aria-expanded=\"false\">Responsabilit\u00e9<\/div>\n\t\t\t\t\t<div id=\"elementor-tab-content-7986\" class=\"elementor-tab-content elementor-clearfix\" data-tab=\"6\" role=\"tabpanel\" aria-labelledby=\"elementor-tab-title-7986\" tabindex=\"0\" hidden=\"hidden\"><p>Private Chef Javier s\u2019efforce d\u2019assurer la fiabilit\u00e9 et la mise \u00e0 jour des informations publi\u00e9es. Toutefois, aucune garantie n\u2019est donn\u00e9e quant \u00e0 l\u2019exactitude, l\u2019exhaustivit\u00e9 ou l\u2019actualit\u00e9 des contenus.<\/p><\/div>\n\t\t\t\t\t\t\t<\/div>\n\t\t<\/div>\n\t\t\t\t\t\t<\/div>\n\t\t\t\t<div class=\"elementor-element elementor-element-75d2f704 elementor-widget elementor-widget-spacer\" data-id=\"75d2f704\" data-element_type=\"widget\" data-widget_type=\"spacer.default\">\n\t\t\t\t\t\t\t<div class=\"elementor-spacer\">\n\t\t\t<div class=\"elementor-spacer-inner\"><\/div>\n\t\t<\/div>\n\t\t\t\t\t\t<\/div>\n\t\t\t\t\t<\/div>\n\t\t<\/div>\n\t\t\t\t\t<\/div>\n\t\t<\/section>\n\t\t\t\t<\/div>","protected":false},"excerpt":{"rendered":"<p>MENTIONS L\u00e9gales Propri\u00e9t\u00e9 du site H\u00e9bergement du site Conception du site Photographies Propri\u00e9t\u00e9 intellectuelle Responsabilit\u00e9 Propri\u00e9t\u00e9 du site FERNANDEZ GARCIA Javier Entrepreneur individuelSIREN : 992 090 613SIRET : 992 090 613 00017RCS : AvignonAdresse : Passage de la Fontaine, 84750 Saint-Martin-de-Castillon, FranceCode APE : 56.21Z \u2013 Services des traiteursTVA intracommunautaire : FR93992090613Nom commercial : Private [&hellip;]<\/p>","protected":false},"author":1,"featured_media":0,"parent":0,"menu_order":0,"comment_status":"closed","ping_status":"closed","template":"","meta":{"footnotes":""},"class_list":["post-414","page","type-page","status-publish","hentry"],"yoast_head":"<!-- This site is optimized with the Yoast SEO plugin v26.3 - https:\/\/yoast.com\/wordpress\/plugins\/seo\/ -->\n<title>Mentions l\u00e9gales \u2013 Private Chef Javier | Provence<\/title>\n<meta name=\"description\" content=\"Consultez les mentions l\u00e9gales du site Private Chef Javier. Informations sur l\u2019entreprise, la propri\u00e9t\u00e9 intellectuelle...\" \/>\n<meta name=\"robots\" content=\"index, follow, max-snippet:-1, max-image-preview:large, max-video-preview:-1\" \/>\n<link rel=\"canonical\" href=\"https:\/\/privatechefjavier.com\/en\/mentions-legales\/\" \/>\n<meta property=\"og:locale\" content=\"en_GB\" \/>\n<meta property=\"og:type\" content=\"article\" \/>\n<meta property=\"og:title\" content=\"Mentions l\u00e9gales \u2013 Private Chef Javier | Provence\" \/>\n<meta property=\"og:description\" content=\"Consultez les mentions l\u00e9gales du site Private Chef Javier. Informations sur l\u2019entreprise, la propri\u00e9t\u00e9 intellectuelle...\" \/>\n<meta property=\"og:url\" content=\"https:\/\/privatechefjavier.com\/en\/mentions-legales\/\" \/>\n<meta property=\"og:site_name\" content=\"privatechefjavier.com\" \/>\n<meta property=\"article:modified_time\" content=\"2025-11-09T18:31:20+00:00\" \/>\n<meta name=\"twitter:card\" content=\"summary_large_image\" \/>\n<meta name=\"twitter:label1\" content=\"Estimated reading time\" \/>\n\t<meta name=\"twitter:data1\" content=\"1 minute\" \/>\n<script type=\"application\/ld+json\" class=\"yoast-schema-graph\">{\"@context\":\"https:\/\/schema.org\",\"@graph\":[{\"@type\":\"WebPage\",\"@id\":\"https:\/\/privatechefjavier.com\/mentions-legales\/\",\"url\":\"https:\/\/privatechefjavier.com\/mentions-legales\/\",\"name\":\"Mentions l\u00e9gales \u2013 Private Chef Javier | Provence\",\"isPartOf\":{\"@id\":\"https:\/\/privatechefjavier.com\/#website\"},\"datePublished\":\"2025-11-06T15:39:43+00:00\",\"dateModified\":\"2025-11-09T18:31:20+00:00\",\"description\":\"Consultez les mentions l\u00e9gales du site Private Chef Javier. Informations sur l\u2019entreprise, la propri\u00e9t\u00e9 intellectuelle...\",\"breadcrumb\":{\"@id\":\"https:\/\/privatechefjavier.com\/mentions-legales\/#breadcrumb\"},\"inLanguage\":\"en-GB\",\"potentialAction\":[{\"@type\":\"ReadAction\",\"target\":[\"https:\/\/privatechefjavier.com\/mentions-legales\/\"]}]},{\"@type\":\"BreadcrumbList\",\"@id\":\"https:\/\/privatechefjavier.com\/mentions-legales\/#breadcrumb\",\"itemListElement\":[{\"@type\":\"ListItem\",\"position\":1,\"name\":\"Accueil\",\"item\":\"https:\/\/privatechefjavier.com\/\"},{\"@type\":\"ListItem\",\"position\":2,\"name\":\"Mentions L\u00e9gales\"}]},{\"@type\":\"WebSite\",\"@id\":\"https:\/\/privatechefjavier.com\/#website\",\"url\":\"https:\/\/privatechefjavier.com\/\",\"name\":\"privatechefjavier.com\",\"description\":\"Private Chef Javier\",\"potentialAction\":[{\"@type\":\"SearchAction\",\"target\":{\"@type\":\"EntryPoint\",\"urlTemplate\":\"https:\/\/privatechefjavier.com\/?s={search_term_string}\"},\"query-input\":{\"@type\":\"PropertyValueSpecification\",\"valueRequired\":true,\"valueName\":\"search_term_string\"}}],\"inLanguage\":\"en-GB\"}]}<\/script>\n<!-- \/ Yoast SEO plugin. -->","yoast_head_json":{"title":"Mentions l\u00e9gales \u2013 Private Chef Javier | Provence","description":"Consultez les mentions l\u00e9gales du site Private Chef Javier. Informations sur l\u2019entreprise, la propri\u00e9t\u00e9 intellectuelle...","robots":{"index":"index","follow":"follow","max-snippet":"max-snippet:-1","max-image-preview":"max-image-preview:large","max-video-preview":"max-video-preview:-1"},"canonical":"https:\/\/privatechefjavier.com\/en\/mentions-legales\/","og_locale":"en_GB","og_type":"article","og_title":"Mentions l\u00e9gales \u2013 Private Chef Javier | Provence","og_description":"Consultez les mentions l\u00e9gales du site Private Chef Javier. Informations sur l\u2019entreprise, la propri\u00e9t\u00e9 intellectuelle...","og_url":"https:\/\/privatechefjavier.com\/en\/mentions-legales\/","og_site_name":"privatechefjavier.com","article_modified_time":"2025-11-09T18:31:20+00:00","twitter_card":"summary_large_image","twitter_misc":{"Estimated reading time":"1 minute"},"schema":{"@context":"https:\/\/schema.org","@graph":[{"@type":"WebPage","@id":"https:\/\/privatechefjavier.com\/mentions-legales\/","url":"https:\/\/privatechefjavier.com\/mentions-legales\/","name":"Mentions l\u00e9gales \u2013 Private Chef Javier | Provence","isPartOf":{"@id":"https:\/\/privatechefjavier.com\/#website"},"datePublished":"2025-11-06T15:39:43+00:00","dateModified":"2025-11-09T18:31:20+00:00","description":"Consultez les mentions l\u00e9gales du site Private Chef Javier. Informations sur l\u2019entreprise, la propri\u00e9t\u00e9 intellectuelle...","breadcrumb":{"@id":"https:\/\/privatechefjavier.com\/mentions-legales\/#breadcrumb"},"inLanguage":"en-GB","potentialAction":[{"@type":"ReadAction","target":["https:\/\/privatechefjavier.com\/mentions-legales\/"]}]},{"@type":"BreadcrumbList","@id":"https:\/\/privatechefjavier.com\/mentions-legales\/#breadcrumb","itemListElement":[{"@type":"ListItem","position":1,"name":"Accueil","item":"https:\/\/privatechefjavier.com\/"},{"@type":"ListItem","position":2,"name":"Mentions L\u00e9gales"}]},{"@type":"WebSite","@id":"https:\/\/privatechefjavier.com\/#website","url":"https:\/\/privatechefjavier.com\/","name":"privatechefjavier.com","description":"Private Chef Javier","potentialAction":[{"@type":"SearchAction","target":{"@type":"EntryPoint","urlTemplate":"https:\/\/privatechefjavier.com\/?s={search_term_string}"},"query-input":{"@type":"PropertyValueSpecification","valueRequired":true,"valueName":"search_term_string"}}],"inLanguage":"en-GB"}]}},"_hostinger_reach_plugin_has_subscription_block":false,"_hostinger_reach_plugin_is_elementor":false,"_links":{"self":[{"href":"https:\/\/privatechefjavier.com\/en\/wp-json\/wp\/v2\/pages\/414","targetHints":{"allow":["GET"]}}],"collection":[{"href":"https:\/\/privatechefjavier.com\/en\/wp-json\/wp\/v2\/pages"}],"about":[{"href":"https:\/\/privatechefjavier.com\/en\/wp-json\/wp\/v2\/types\/page"}],"author":[{"embeddable":true,"href":"https:\/\/privatechefjavier.com\/en\/wp-json\/wp\/v2\/users\/1"}],"replies":[{"embeddable":true,"href":"https:\/\/privatechefjavier.com\/en\/wp-json\/wp\/v2\/comments?post=414"}],"version-history":[{"count":25,"href":"https:\/\/privatechefjavier.com\/en\/wp-json\/wp\/v2\/pages\/414\/revisions"}],"predecessor-version":[{"id":646,"href":"https:\/\/privatechefjavier.com\/en\/wp-json\/wp\/v2\/pages\/414\/revisions\/646"}],"wp:attachment":[{"href":"https:\/\/privatechefjavier.com\/en\/wp-json\/wp\/v2\/media?parent=414"}],"curies":[{"name":"wp","href":"https:\/\/api.w.org\/{rel}","templated":true}]}}