{"id":416,"date":"2025-11-06T15:40:00","date_gmt":"2025-11-06T15:40:00","guid":{"rendered":"https:\/\/privatechefjavier.com\/?page_id=416"},"modified":"2025-11-09T18:30:15","modified_gmt":"2025-11-09T18:30:15","slug":"politique-de-confidentialite-rgpd","status":"publish","type":"page","link":"https:\/\/privatechefjavier.com\/en\/politique-de-confidentialite-rgpd\/","title":{"rendered":"Politique de Confidentialit\u00e9 (RGPD)"},"content":{"rendered":"<div data-elementor-type=\"wp-page\" data-elementor-id=\"416\" class=\"elementor elementor-416\" data-elementor-post-type=\"page\">\n\t\t\t\t\t\t<section class=\"elementor-section elementor-top-section elementor-element elementor-element-6dbe781 elementor-section-full_width elementor-section-height-default elementor-section-height-default\" data-id=\"6dbe781\" data-element_type=\"section\" data-settings=\"{&quot;background_background&quot;:&quot;classic&quot;}\">\n\t\t\t\t\t\t\t<div class=\"elementor-background-overlay\"><\/div>\n\t\t\t\t\t\t\t<div class=\"elementor-container elementor-column-gap-default\">\n\t\t\t\t\t<div class=\"elementor-column elementor-col-100 elementor-top-column elementor-element elementor-element-e843ec8\" data-id=\"e843ec8\" data-element_type=\"column\" data-settings=\"{&quot;background_background&quot;:&quot;classic&quot;}\">\n\t\t\t<div class=\"elementor-widget-wrap elementor-element-populated\">\n\t\t\t\t\t<div class=\"elementor-background-overlay\"><\/div>\n\t\t\t\t\t\t<div class=\"elementor-element elementor-element-ac48242 elementor-widget elementor-widget-spacer\" data-id=\"ac48242\" data-element_type=\"widget\" data-widget_type=\"spacer.default\">\n\t\t\t\t\t\t\t<div class=\"elementor-spacer\">\n\t\t\t<div class=\"elementor-spacer-inner\"><\/div>\n\t\t<\/div>\n\t\t\t\t\t\t<\/div>\n\t\t\t\t<div class=\"elementor-element elementor-element-8720b28 elementor-widget elementor-widget-spacer\" data-id=\"8720b28\" data-element_type=\"widget\" data-widget_type=\"spacer.default\">\n\t\t\t\t\t\t\t<div class=\"elementor-spacer\">\n\t\t\t<div class=\"elementor-spacer-inner\"><\/div>\n\t\t<\/div>\n\t\t\t\t\t\t<\/div>\n\t\t\t\t<div class=\"elementor-element elementor-element-ebe8f2f elementor-invisible elementor-widget elementor-widget-heading\" data-id=\"ebe8f2f\" data-element_type=\"widget\" data-settings=\"{&quot;_animation&quot;:&quot;fadeInUp&quot;}\" data-widget_type=\"heading.default\">\n\t\t\t\t\t<h1 class=\"elementor-heading-title elementor-size-default\">Privacy Policy (GDPR)<\/h1>\t\t\t\t<\/div>\n\t\t\t\t<div class=\"elementor-element elementor-element-27f9895 elementor-widget elementor-widget-spacer\" data-id=\"27f9895\" data-element_type=\"widget\" data-widget_type=\"spacer.default\">\n\t\t\t\t\t\t\t<div class=\"elementor-spacer\">\n\t\t\t<div class=\"elementor-spacer-inner\"><\/div>\n\t\t<\/div>\n\t\t\t\t\t\t<\/div>\n\t\t\t\t\t<\/div>\n\t\t<\/div>\n\t\t\t\t\t<\/div>\n\t\t<\/section>\n\t\t\t\t<section class=\"elementor-section elementor-top-section elementor-element elementor-element-a5e336f elementor-section-boxed elementor-section-height-default elementor-section-height-default\" data-id=\"a5e336f\" data-element_type=\"section\" data-settings=\"{&quot;background_background&quot;:&quot;classic&quot;}\">\n\t\t\t\t\t\t<div class=\"elementor-container elementor-column-gap-default\">\n\t\t\t\t\t<div class=\"elementor-column elementor-col-100 elementor-top-column elementor-element elementor-element-20a22f9\" data-id=\"20a22f9\" data-element_type=\"column\">\n\t\t\t<div class=\"elementor-widget-wrap elementor-element-populated\">\n\t\t\t\t\t\t<div class=\"elementor-element elementor-element-ffac4f2 elementor-widget elementor-widget-spacer\" data-id=\"ffac4f2\" data-element_type=\"widget\" data-widget_type=\"spacer.default\">\n\t\t\t\t\t\t\t<div class=\"elementor-spacer\">\n\t\t\t<div class=\"elementor-spacer-inner\"><\/div>\n\t\t<\/div>\n\t\t\t\t\t\t<\/div>\n\t\t\t\t<div class=\"elementor-element elementor-element-104a35c elementor-tabs-view-vertical elementor-widget elementor-widget-tabs\" data-id=\"104a35c\" data-element_type=\"widget\" data-widget_type=\"tabs.default\">\n\t\t\t\t\t\t\t<div class=\"elementor-tabs\">\n\t\t\t<div class=\"elementor-tabs-wrapper\" role=\"tablist\" >\n\t\t\t\t\t\t\t\t\t<div id=\"elementor-tab-title-1701\" class=\"elementor-tab-title elementor-tab-desktop-title\" aria-selected=\"true\" data-tab=\"1\" role=\"tab\" tabindex=\"0\" aria-controls=\"elementor-tab-content-1701\" aria-expanded=\"false\">1. Responsable du traitement<\/div>\n\t\t\t\t\t\t\t\t\t<div id=\"elementor-tab-title-1702\" class=\"elementor-tab-title elementor-tab-desktop-title\" aria-selected=\"false\" data-tab=\"2\" role=\"tab\" tabindex=\"-1\" aria-controls=\"elementor-tab-content-1702\" aria-expanded=\"false\">2. Donn\u00e9es collect\u00e9es<\/div>\n\t\t\t\t\t\t\t\t\t<div id=\"elementor-tab-title-1703\" class=\"elementor-tab-title elementor-tab-desktop-title\" aria-selected=\"false\" data-tab=\"3\" role=\"tab\" tabindex=\"-1\" aria-controls=\"elementor-tab-content-1703\" aria-expanded=\"false\">3. Finalit\u00e9s du traitement<\/div>\n\t\t\t\t\t\t\t\t\t<div id=\"elementor-tab-title-1704\" class=\"elementor-tab-title elementor-tab-desktop-title\" aria-selected=\"false\" data-tab=\"4\" role=\"tab\" tabindex=\"-1\" aria-controls=\"elementor-tab-content-1704\" aria-expanded=\"false\">4. Base l\u00e9gale<\/div>\n\t\t\t\t\t\t\t\t\t<div id=\"elementor-tab-title-1705\" class=\"elementor-tab-title elementor-tab-desktop-title\" aria-selected=\"false\" data-tab=\"5\" role=\"tab\" tabindex=\"-1\" aria-controls=\"elementor-tab-content-1705\" aria-expanded=\"false\">5. Dur\u00e9e de conservation<\/div>\n\t\t\t\t\t\t\t\t\t<div id=\"elementor-tab-title-1706\" class=\"elementor-tab-title elementor-tab-desktop-title\" aria-selected=\"false\" data-tab=\"6\" role=\"tab\" tabindex=\"-1\" aria-controls=\"elementor-tab-content-1706\" aria-expanded=\"false\">6. Destinataires<\/div>\n\t\t\t\t\t\t\t\t\t<div id=\"elementor-tab-title-1707\" class=\"elementor-tab-title elementor-tab-desktop-title\" aria-selected=\"false\" data-tab=\"7\" role=\"tab\" tabindex=\"-1\" aria-controls=\"elementor-tab-content-1707\" aria-expanded=\"false\">7. Droits des utilisateurs<\/div>\n\t\t\t\t\t\t\t\t\t<div id=\"elementor-tab-title-1708\" class=\"elementor-tab-title elementor-tab-desktop-title\" aria-selected=\"false\" data-tab=\"8\" role=\"tab\" tabindex=\"-1\" aria-controls=\"elementor-tab-content-1708\" aria-expanded=\"false\">8. S\u00e9curit\u00e9 des donn\u00e9es<\/div>\n\t\t\t\t\t\t\t\t\t<div id=\"elementor-tab-title-1709\" class=\"elementor-tab-title elementor-tab-desktop-title\" aria-selected=\"false\" data-tab=\"9\" role=\"tab\" tabindex=\"-1\" aria-controls=\"elementor-tab-content-1709\" aria-expanded=\"false\">9. H\u00e9bergement et sous-traitance<\/div>\n\t\t\t\t\t\t\t\t\t<div id=\"elementor-tab-title-17010\" class=\"elementor-tab-title elementor-tab-desktop-title\" aria-selected=\"false\" data-tab=\"10\" role=\"tab\" tabindex=\"-1\" aria-controls=\"elementor-tab-content-17010\" aria-expanded=\"false\">10. Contact<\/div>\n\t\t\t\t\t\t\t<\/div>\n\t\t\t<div class=\"elementor-tabs-content-wrapper\" role=\"tablist\" aria-orientation=\"vertical\">\n\t\t\t\t\t\t\t\t\t<div class=\"elementor-tab-title elementor-tab-mobile-title\" aria-selected=\"true\" data-tab=\"1\" role=\"tab\" tabindex=\"0\" aria-controls=\"elementor-tab-content-1701\" aria-expanded=\"false\">1. Responsable du traitement<\/div>\n\t\t\t\t\t<div id=\"elementor-tab-content-1701\" class=\"elementor-tab-content elementor-clearfix\" data-tab=\"1\" role=\"tabpanel\" aria-labelledby=\"elementor-tab-title-1701\" tabindex=\"0\" hidden=\"false\"><p>FERNANDEZ GARCIA Javier<br data-start=\"1865\" data-end=\"1868\" \/>SIREN : 992 090 613 \u2013 Entrepreneur individuel<br data-start=\"1913\" data-end=\"1916\" \/>Adresse : Passage de la Fontaine, 84750 Saint-Martin-de-Castillon<br data-start=\"1981\" data-end=\"1984\" \/>E-mail : contact@privatechefjavier.com<\/p><\/div>\n\t\t\t\t\t\t\t\t\t<div class=\"elementor-tab-title elementor-tab-mobile-title\" aria-selected=\"false\" data-tab=\"2\" role=\"tab\" tabindex=\"-1\" aria-controls=\"elementor-tab-content-1702\" aria-expanded=\"false\">2. Donn\u00e9es collect\u00e9es<\/div>\n\t\t\t\t\t<div id=\"elementor-tab-content-1702\" class=\"elementor-tab-content elementor-clearfix\" data-tab=\"2\" role=\"tabpanel\" aria-labelledby=\"elementor-tab-title-1702\" tabindex=\"0\" hidden=\"hidden\"><p data-start=\"2049\" data-end=\"2172\">Private Chef Javier collecte uniquement les donn\u00e9es n\u00e9cessaires au traitement des demandes via le formulaire de contact :<\/p><ul data-start=\"2173\" data-end=\"2309\"><li data-start=\"2173\" data-end=\"2190\"><p data-start=\"2175\" data-end=\"2190\">Nom et pr\u00e9nom<\/p><\/li><li data-start=\"2191\" data-end=\"2209\"><p data-start=\"2193\" data-end=\"2209\">Adresse e-mail<\/p><\/li><li data-start=\"2210\" data-end=\"2236\"><p data-start=\"2212\" data-end=\"2236\">T\u00e9l\u00e9phone<\/p><\/li><li data-start=\"2237\" data-end=\"2309\"><p data-start=\"2239\" data-end=\"2309\">Informations relatives \u00e0 la demande (date, lieu, type de prestation)<\/p><\/li><\/ul><\/div>\n\t\t\t\t\t\t\t\t\t<div class=\"elementor-tab-title elementor-tab-mobile-title\" aria-selected=\"false\" data-tab=\"3\" role=\"tab\" tabindex=\"-1\" aria-controls=\"elementor-tab-content-1703\" aria-expanded=\"false\">3. Finalit\u00e9s du traitement<\/div>\n\t\t\t\t\t<div id=\"elementor-tab-content-1703\" class=\"elementor-tab-content elementor-clearfix\" data-tab=\"3\" role=\"tabpanel\" aria-labelledby=\"elementor-tab-title-1703\" tabindex=\"0\" hidden=\"hidden\"><p data-start=\"2344\" data-end=\"2393\">Les donn\u00e9es sont utilis\u00e9es exclusivement pour :<\/p><ul data-start=\"2394\" data-end=\"2518\"><li data-start=\"2394\" data-end=\"2443\"><p data-start=\"2396\" data-end=\"2443\">R\u00e9pondre aux demandes de contact ou de devis,<\/p><\/li><li data-start=\"2444\" data-end=\"2489\"><p data-start=\"2446\" data-end=\"2489\">\u00c9tablir et g\u00e9rer la relation commerciale,<\/p><\/li><li data-start=\"2490\" data-end=\"2518\"><p data-start=\"2492\" data-end=\"2518\">Assurer le suivi client.<\/p><\/li><\/ul><\/div>\n\t\t\t\t\t\t\t\t\t<div class=\"elementor-tab-title elementor-tab-mobile-title\" aria-selected=\"false\" data-tab=\"4\" role=\"tab\" tabindex=\"-1\" aria-controls=\"elementor-tab-content-1704\" aria-expanded=\"false\">4. Base l\u00e9gale<\/div>\n\t\t\t\t\t<div id=\"elementor-tab-content-1704\" class=\"elementor-tab-content elementor-clearfix\" data-tab=\"4\" role=\"tabpanel\" aria-labelledby=\"elementor-tab-title-1704\" tabindex=\"0\" hidden=\"hidden\"><p>Le traitement repose sur le <strong data-start=\"2569\" data-end=\"2595\">consentement explicite<\/strong> de l\u2019utilisateur et\/ou l\u2019ex\u00e9cution d\u2019un contrat.<\/p><\/div>\n\t\t\t\t\t\t\t\t\t<div class=\"elementor-tab-title elementor-tab-mobile-title\" aria-selected=\"false\" data-tab=\"5\" role=\"tab\" tabindex=\"-1\" aria-controls=\"elementor-tab-content-1705\" aria-expanded=\"false\">5. Dur\u00e9e de conservation<\/div>\n\t\t\t\t\t<div id=\"elementor-tab-content-1705\" class=\"elementor-tab-content elementor-clearfix\" data-tab=\"5\" role=\"tabpanel\" aria-labelledby=\"elementor-tab-title-1705\" tabindex=\"0\" hidden=\"hidden\"><p>Les donn\u00e9es sont conserv\u00e9es pour une dur\u00e9e maximale de <strong data-start=\"2734\" data-end=\"2743\">3 ans<\/strong> apr\u00e8s le dernier contact, sauf obligation l\u00e9gale contraire.<\/p><\/div>\n\t\t\t\t\t\t\t\t\t<div class=\"elementor-tab-title elementor-tab-mobile-title\" aria-selected=\"false\" data-tab=\"6\" role=\"tab\" tabindex=\"-1\" aria-controls=\"elementor-tab-content-1706\" aria-expanded=\"false\">6. Destinataires<\/div>\n\t\t\t\t\t<div id=\"elementor-tab-content-1706\" class=\"elementor-tab-content elementor-clearfix\" data-tab=\"6\" role=\"tabpanel\" aria-labelledby=\"elementor-tab-title-1706\" tabindex=\"0\" hidden=\"hidden\"><p>Les donn\u00e9es ne sont transmises \u00e0 <strong data-start=\"2863\" data-end=\"2878\">aucun tiers<\/strong> et ne font l\u2019objet d\u2019aucune commercialisation.<\/p><\/div>\n\t\t\t\t\t\t\t\t\t<div class=\"elementor-tab-title elementor-tab-mobile-title\" aria-selected=\"false\" data-tab=\"7\" role=\"tab\" tabindex=\"-1\" aria-controls=\"elementor-tab-content-1707\" aria-expanded=\"false\">7. Droits des utilisateurs<\/div>\n\t\t\t\t\t<div id=\"elementor-tab-content-1707\" class=\"elementor-tab-content elementor-clearfix\" data-tab=\"7\" role=\"tabpanel\" aria-labelledby=\"elementor-tab-title-1707\" tabindex=\"0\" hidden=\"hidden\"><p>Conform\u00e9ment au RGPD (UE 2016\/679), vous disposez des droits d\u2019acc\u00e8s, de rectification, d\u2019effacement, d\u2019opposition, de limitation et de portabilit\u00e9.<br data-start=\"3110\" data-end=\"3113\" \/>Pour les exercer : info@privatechefjavier.com<br data-start=\"3157\" data-end=\"3160\" \/>R\u00e9ponse sous 30 jours maximum.<\/p><\/div>\n\t\t\t\t\t\t\t\t\t<div class=\"elementor-tab-title elementor-tab-mobile-title\" aria-selected=\"false\" data-tab=\"8\" role=\"tab\" tabindex=\"-1\" aria-controls=\"elementor-tab-content-1708\" aria-expanded=\"false\">8. S\u00e9curit\u00e9 des donn\u00e9es<\/div>\n\t\t\t\t\t<div id=\"elementor-tab-content-1708\" class=\"elementor-tab-content elementor-clearfix\" data-tab=\"8\" role=\"tabpanel\" aria-labelledby=\"elementor-tab-title-1708\" tabindex=\"0\" hidden=\"hidden\"><p data-start=\"3224\" data-end=\"3363\">Private Chef Javier met en \u0153uvre des mesures techniques et organisationnelles garantissant la confidentialit\u00e9 et la s\u00e9curit\u00e9 des donn\u00e9es.<\/p><h3 data-start=\"3365\" data-end=\"3403\">\u00a0<\/h3><\/div>\n\t\t\t\t\t\t\t\t\t<div class=\"elementor-tab-title elementor-tab-mobile-title\" aria-selected=\"false\" data-tab=\"9\" role=\"tab\" tabindex=\"-1\" aria-controls=\"elementor-tab-content-1709\" aria-expanded=\"false\">9. H\u00e9bergement et sous-traitance<\/div>\n\t\t\t\t\t<div id=\"elementor-tab-content-1709\" class=\"elementor-tab-content elementor-clearfix\" data-tab=\"9\" role=\"tabpanel\" aria-labelledby=\"elementor-tab-title-1709\" tabindex=\"0\" hidden=\"hidden\"><p>H\u00e9bergeur : <strong data-start=\"3416\" data-end=\"3448\">Hostinger International Ltd.<\/strong>, conforme au RGPD.<\/p><\/div>\n\t\t\t\t\t\t\t\t\t<div class=\"elementor-tab-title elementor-tab-mobile-title\" aria-selected=\"false\" data-tab=\"10\" role=\"tab\" tabindex=\"-1\" aria-controls=\"elementor-tab-content-17010\" aria-expanded=\"false\">10. Contact<\/div>\n\t\t\t\t\t<div id=\"elementor-tab-content-17010\" class=\"elementor-tab-content elementor-clearfix\" data-tab=\"10\" role=\"tabpanel\" aria-labelledby=\"elementor-tab-title-17010\" tabindex=\"0\" hidden=\"hidden\"><p>Pour toute question li\u00e9e \u00e0 vos donn\u00e9es personnelles :<br data-start=\"3542\" data-end=\"3545\" \/>FERNANDEZ GARCIA Javier \u2013 Passage de la Fontaine, 84750 Saint-Martin-de-Castillon<br data-start=\"3626\" data-end=\"3629\" \/>E-mail : contact@privatechefjavier.com<\/p><\/div>\n\t\t\t\t\t\t\t<\/div>\n\t\t<\/div>\n\t\t\t\t\t\t<\/div>\n\t\t\t\t<div class=\"elementor-element elementor-element-9bb2893 elementor-widget elementor-widget-spacer\" data-id=\"9bb2893\" data-element_type=\"widget\" data-widget_type=\"spacer.default\">\n\t\t\t\t\t\t\t<div class=\"elementor-spacer\">\n\t\t\t<div class=\"elementor-spacer-inner\"><\/div>\n\t\t<\/div>\n\t\t\t\t\t\t<\/div>\n\t\t\t\t\t<\/div>\n\t\t<\/div>\n\t\t\t\t\t<\/div>\n\t\t<\/section>\n\t\t\t\t<\/div>","protected":false},"excerpt":{"rendered":"<p>Politique de confidentialit\u00e9 (RGPD) 1. Responsable du traitement 2. Donn\u00e9es collect\u00e9es 3. Finalit\u00e9s du traitement 4. Base l\u00e9gale 5. Dur\u00e9e de conservation 6. Destinataires 7. Droits des utilisateurs 8. S\u00e9curit\u00e9 des donn\u00e9es 9. H\u00e9bergement et sous-traitance 10. Contact 1. Responsable du traitement FERNANDEZ GARCIA JavierSIREN : 992 090 613 \u2013 Entrepreneur individuelAdresse : Passage de [&hellip;]<\/p>","protected":false},"author":1,"featured_media":0,"parent":0,"menu_order":0,"comment_status":"closed","ping_status":"closed","template":"","meta":{"footnotes":""},"class_list":["post-416","page","type-page","status-publish","hentry"],"yoast_head":"<!-- This site is optimized with the Yoast SEO plugin v26.3 - https:\/\/yoast.com\/wordpress\/plugins\/seo\/ -->\n<title>Politique de confidentialit\u00e9 (RGPD) \u2013 Private Chef Javier<\/title>\n<meta name=\"description\" content=\"D\u00e9couvrez comment Private Chef Javier prot\u00e8ge vos donn\u00e9es personnelles conform\u00e9ment au RGPD : collecte, usage et droits des utilisateurs.\" \/>\n<meta name=\"robots\" content=\"index, follow, max-snippet:-1, max-image-preview:large, max-video-preview:-1\" \/>\n<link rel=\"canonical\" href=\"https:\/\/privatechefjavier.com\/en\/politique-de-confidentialite-rgpd\/\" \/>\n<meta property=\"og:locale\" content=\"en_GB\" \/>\n<meta property=\"og:type\" content=\"article\" \/>\n<meta property=\"og:title\" content=\"Politique de confidentialit\u00e9 (RGPD) \u2013 Private Chef Javier\" \/>\n<meta property=\"og:description\" content=\"D\u00e9couvrez comment Private Chef Javier prot\u00e8ge vos donn\u00e9es personnelles conform\u00e9ment au RGPD : collecte, usage et droits des utilisateurs.\" \/>\n<meta property=\"og:url\" content=\"https:\/\/privatechefjavier.com\/en\/politique-de-confidentialite-rgpd\/\" \/>\n<meta property=\"og:site_name\" content=\"privatechefjavier.com\" \/>\n<meta property=\"article:modified_time\" content=\"2025-11-09T18:30:15+00:00\" \/>\n<meta name=\"twitter:card\" content=\"summary_large_image\" \/>\n<meta name=\"twitter:label1\" content=\"Estimated reading time\" \/>\n\t<meta name=\"twitter:data1\" content=\"2 minutes\" \/>\n<script type=\"application\/ld+json\" class=\"yoast-schema-graph\">{\"@context\":\"https:\/\/schema.org\",\"@graph\":[{\"@type\":\"WebPage\",\"@id\":\"https:\/\/privatechefjavier.com\/politique-de-confidentialite-rgpd\/\",\"url\":\"https:\/\/privatechefjavier.com\/politique-de-confidentialite-rgpd\/\",\"name\":\"Politique de confidentialit\u00e9 (RGPD) \u2013 Private Chef Javier\",\"isPartOf\":{\"@id\":\"https:\/\/privatechefjavier.com\/#website\"},\"datePublished\":\"2025-11-06T15:40:00+00:00\",\"dateModified\":\"2025-11-09T18:30:15+00:00\",\"description\":\"D\u00e9couvrez comment Private Chef Javier prot\u00e8ge vos donn\u00e9es personnelles conform\u00e9ment au RGPD : collecte, usage et droits des utilisateurs.\",\"breadcrumb\":{\"@id\":\"https:\/\/privatechefjavier.com\/politique-de-confidentialite-rgpd\/#breadcrumb\"},\"inLanguage\":\"en-GB\",\"potentialAction\":[{\"@type\":\"ReadAction\",\"target\":[\"https:\/\/privatechefjavier.com\/politique-de-confidentialite-rgpd\/\"]}]},{\"@type\":\"BreadcrumbList\",\"@id\":\"https:\/\/privatechefjavier.com\/politique-de-confidentialite-rgpd\/#breadcrumb\",\"itemListElement\":[{\"@type\":\"ListItem\",\"position\":1,\"name\":\"Accueil\",\"item\":\"https:\/\/privatechefjavier.com\/\"},{\"@type\":\"ListItem\",\"position\":2,\"name\":\"Politique de Confidentialit\u00e9 (RGPD)\"}]},{\"@type\":\"WebSite\",\"@id\":\"https:\/\/privatechefjavier.com\/#website\",\"url\":\"https:\/\/privatechefjavier.com\/\",\"name\":\"privatechefjavier.com\",\"description\":\"Private Chef Javier\",\"potentialAction\":[{\"@type\":\"SearchAction\",\"target\":{\"@type\":\"EntryPoint\",\"urlTemplate\":\"https:\/\/privatechefjavier.com\/?s={search_term_string}\"},\"query-input\":{\"@type\":\"PropertyValueSpecification\",\"valueRequired\":true,\"valueName\":\"search_term_string\"}}],\"inLanguage\":\"en-GB\"}]}<\/script>\n<!-- \/ Yoast SEO plugin. -->","yoast_head_json":{"title":"Politique de confidentialit\u00e9 (RGPD) \u2013 Private Chef Javier","description":"D\u00e9couvrez comment Private Chef Javier prot\u00e8ge vos donn\u00e9es personnelles conform\u00e9ment au RGPD : collecte, usage et droits des utilisateurs.","robots":{"index":"index","follow":"follow","max-snippet":"max-snippet:-1","max-image-preview":"max-image-preview:large","max-video-preview":"max-video-preview:-1"},"canonical":"https:\/\/privatechefjavier.com\/en\/politique-de-confidentialite-rgpd\/","og_locale":"en_GB","og_type":"article","og_title":"Politique de confidentialit\u00e9 (RGPD) \u2013 Private Chef Javier","og_description":"D\u00e9couvrez comment Private Chef Javier prot\u00e8ge vos donn\u00e9es personnelles conform\u00e9ment au RGPD : collecte, usage et droits des utilisateurs.","og_url":"https:\/\/privatechefjavier.com\/en\/politique-de-confidentialite-rgpd\/","og_site_name":"privatechefjavier.com","article_modified_time":"2025-11-09T18:30:15+00:00","twitter_card":"summary_large_image","twitter_misc":{"Estimated reading time":"2 minutes"},"schema":{"@context":"https:\/\/schema.org","@graph":[{"@type":"WebPage","@id":"https:\/\/privatechefjavier.com\/politique-de-confidentialite-rgpd\/","url":"https:\/\/privatechefjavier.com\/politique-de-confidentialite-rgpd\/","name":"Politique de confidentialit\u00e9 (RGPD) \u2013 Private Chef Javier","isPartOf":{"@id":"https:\/\/privatechefjavier.com\/#website"},"datePublished":"2025-11-06T15:40:00+00:00","dateModified":"2025-11-09T18:30:15+00:00","description":"D\u00e9couvrez comment Private Chef Javier prot\u00e8ge vos donn\u00e9es personnelles conform\u00e9ment au RGPD : collecte, usage et droits des utilisateurs.","breadcrumb":{"@id":"https:\/\/privatechefjavier.com\/politique-de-confidentialite-rgpd\/#breadcrumb"},"inLanguage":"en-GB","potentialAction":[{"@type":"ReadAction","target":["https:\/\/privatechefjavier.com\/politique-de-confidentialite-rgpd\/"]}]},{"@type":"BreadcrumbList","@id":"https:\/\/privatechefjavier.com\/politique-de-confidentialite-rgpd\/#breadcrumb","itemListElement":[{"@type":"ListItem","position":1,"name":"Accueil","item":"https:\/\/privatechefjavier.com\/"},{"@type":"ListItem","position":2,"name":"Politique de Confidentialit\u00e9 (RGPD)"}]},{"@type":"WebSite","@id":"https:\/\/privatechefjavier.com\/#website","url":"https:\/\/privatechefjavier.com\/","name":"privatechefjavier.com","description":"Private Chef Javier","potentialAction":[{"@type":"SearchAction","target":{"@type":"EntryPoint","urlTemplate":"https:\/\/privatechefjavier.com\/?s={search_term_string}"},"query-input":{"@type":"PropertyValueSpecification","valueRequired":true,"valueName":"search_term_string"}}],"inLanguage":"en-GB"}]}},"_hostinger_reach_plugin_has_subscription_block":false,"_hostinger_reach_plugin_is_elementor":false,"_links":{"self":[{"href":"https:\/\/privatechefjavier.com\/en\/wp-json\/wp\/v2\/pages\/416","targetHints":{"allow":["GET"]}}],"collection":[{"href":"https:\/\/privatechefjavier.com\/en\/wp-json\/wp\/v2\/pages"}],"about":[{"href":"https:\/\/privatechefjavier.com\/en\/wp-json\/wp\/v2\/types\/page"}],"author":[{"embeddable":true,"href":"https:\/\/privatechefjavier.com\/en\/wp-json\/wp\/v2\/users\/1"}],"replies":[{"embeddable":true,"href":"https:\/\/privatechefjavier.com\/en\/wp-json\/wp\/v2\/comments?post=416"}],"version-history":[{"count":13,"href":"https:\/\/privatechefjavier.com\/en\/wp-json\/wp\/v2\/pages\/416\/revisions"}],"predecessor-version":[{"id":643,"href":"https:\/\/privatechefjavier.com\/en\/wp-json\/wp\/v2\/pages\/416\/revisions\/643"}],"wp:attachment":[{"href":"https:\/\/privatechefjavier.com\/en\/wp-json\/wp\/v2\/media?parent=416"}],"curies":[{"name":"wp","href":"https:\/\/api.w.org\/{rel}","templated":true}]}}