{"id":418,"date":"2025-11-06T15:40:13","date_gmt":"2025-11-06T15:40:13","guid":{"rendered":"https:\/\/privatechefjavier.com\/?page_id=418"},"modified":"2025-11-09T18:28:49","modified_gmt":"2025-11-09T18:28:49","slug":"politique-de-cookies","status":"publish","type":"page","link":"https:\/\/privatechefjavier.com\/en\/politique-de-cookies\/","title":{"rendered":"Politique de Cookies"},"content":{"rendered":"<div data-elementor-type=\"wp-page\" data-elementor-id=\"418\" class=\"elementor elementor-418\" data-elementor-post-type=\"page\">\n\t\t\t\t\t\t<section class=\"elementor-section elementor-top-section elementor-element elementor-element-9203749 elementor-section-full_width elementor-section-height-default elementor-section-height-default\" data-id=\"9203749\" data-element_type=\"section\" data-settings=\"{&quot;background_background&quot;:&quot;classic&quot;}\">\n\t\t\t\t\t\t\t<div class=\"elementor-background-overlay\"><\/div>\n\t\t\t\t\t\t\t<div class=\"elementor-container elementor-column-gap-default\">\n\t\t\t\t\t<div class=\"elementor-column elementor-col-100 elementor-top-column elementor-element elementor-element-4382054\" data-id=\"4382054\" data-element_type=\"column\" data-settings=\"{&quot;background_background&quot;:&quot;classic&quot;}\">\n\t\t\t<div class=\"elementor-widget-wrap elementor-element-populated\">\n\t\t\t\t\t<div class=\"elementor-background-overlay\"><\/div>\n\t\t\t\t\t\t<div class=\"elementor-element elementor-element-dffc718 elementor-widget elementor-widget-spacer\" data-id=\"dffc718\" data-element_type=\"widget\" data-widget_type=\"spacer.default\">\n\t\t\t\t\t\t\t<div class=\"elementor-spacer\">\n\t\t\t<div class=\"elementor-spacer-inner\"><\/div>\n\t\t<\/div>\n\t\t\t\t\t\t<\/div>\n\t\t\t\t<div class=\"elementor-element elementor-element-3d5ed5e elementor-widget elementor-widget-spacer\" data-id=\"3d5ed5e\" data-element_type=\"widget\" data-widget_type=\"spacer.default\">\n\t\t\t\t\t\t\t<div class=\"elementor-spacer\">\n\t\t\t<div class=\"elementor-spacer-inner\"><\/div>\n\t\t<\/div>\n\t\t\t\t\t\t<\/div>\n\t\t\t\t<div class=\"elementor-element elementor-element-1af9ac0 elementor-invisible elementor-widget elementor-widget-heading\" data-id=\"1af9ac0\" data-element_type=\"widget\" data-settings=\"{&quot;_animation&quot;:&quot;fadeInUp&quot;}\" data-widget_type=\"heading.default\">\n\t\t\t\t\t<h1 class=\"elementor-heading-title elementor-size-default\">Cookie Policy<\/h1>\t\t\t\t<\/div>\n\t\t\t\t<div class=\"elementor-element elementor-element-a5f4064 elementor-widget elementor-widget-spacer\" data-id=\"a5f4064\" data-element_type=\"widget\" data-widget_type=\"spacer.default\">\n\t\t\t\t\t\t\t<div class=\"elementor-spacer\">\n\t\t\t<div class=\"elementor-spacer-inner\"><\/div>\n\t\t<\/div>\n\t\t\t\t\t\t<\/div>\n\t\t\t\t\t<\/div>\n\t\t<\/div>\n\t\t\t\t\t<\/div>\n\t\t<\/section>\n\t\t\t\t<section class=\"elementor-section elementor-top-section elementor-element elementor-element-e35cb57 elementor-section-boxed elementor-section-height-default elementor-section-height-default\" data-id=\"e35cb57\" data-element_type=\"section\" data-settings=\"{&quot;background_background&quot;:&quot;classic&quot;}\">\n\t\t\t\t\t\t<div class=\"elementor-container elementor-column-gap-default\">\n\t\t\t\t\t<div class=\"elementor-column elementor-col-100 elementor-top-column elementor-element elementor-element-33e687c\" data-id=\"33e687c\" data-element_type=\"column\">\n\t\t\t<div class=\"elementor-widget-wrap elementor-element-populated\">\n\t\t\t\t\t\t<div class=\"elementor-element elementor-element-1b52f4a elementor-widget elementor-widget-spacer\" data-id=\"1b52f4a\" data-element_type=\"widget\" data-widget_type=\"spacer.default\">\n\t\t\t\t\t\t\t<div class=\"elementor-spacer\">\n\t\t\t<div class=\"elementor-spacer-inner\"><\/div>\n\t\t<\/div>\n\t\t\t\t\t\t<\/div>\n\t\t\t\t<div class=\"elementor-element elementor-element-05d2047 elementor-tabs-view-vertical elementor-widget elementor-widget-tabs\" data-id=\"05d2047\" data-element_type=\"widget\" data-widget_type=\"tabs.default\">\n\t\t\t\t\t\t\t<div class=\"elementor-tabs\">\n\t\t\t<div class=\"elementor-tabs-wrapper\" role=\"tablist\" >\n\t\t\t\t\t\t\t\t\t<div id=\"elementor-tab-title-6101\" class=\"elementor-tab-title elementor-tab-desktop-title\" aria-selected=\"true\" data-tab=\"1\" role=\"tab\" tabindex=\"0\" aria-controls=\"elementor-tab-content-6101\" aria-expanded=\"false\">1. Utilisation des cookies<\/div>\n\t\t\t\t\t\t\t\t\t<div id=\"elementor-tab-title-6102\" class=\"elementor-tab-title elementor-tab-desktop-title\" aria-selected=\"false\" data-tab=\"2\" role=\"tab\" tabindex=\"-1\" aria-controls=\"elementor-tab-content-6102\" aria-expanded=\"false\">2. Types de cookies<\/div>\n\t\t\t\t\t\t\t\t\t<div id=\"elementor-tab-title-6103\" class=\"elementor-tab-title elementor-tab-desktop-title\" aria-selected=\"false\" data-tab=\"3\" role=\"tab\" tabindex=\"-1\" aria-controls=\"elementor-tab-content-6103\" aria-expanded=\"false\">3. Consentement<\/div>\n\t\t\t\t\t\t\t\t\t<div id=\"elementor-tab-title-6104\" class=\"elementor-tab-title elementor-tab-desktop-title\" aria-selected=\"false\" data-tab=\"4\" role=\"tab\" tabindex=\"-1\" aria-controls=\"elementor-tab-content-6104\" aria-expanded=\"false\">4. D\u00e9sactivation manuelle<\/div>\n\t\t\t\t\t\t\t\t\t<div id=\"elementor-tab-title-6105\" class=\"elementor-tab-title elementor-tab-desktop-title\" aria-selected=\"false\" data-tab=\"5\" role=\"tab\" tabindex=\"-1\" aria-controls=\"elementor-tab-content-6105\" aria-expanded=\"false\">5. Dur\u00e9e de conservation<\/div>\n\t\t\t\t\t\t\t\t\t<div id=\"elementor-tab-title-6106\" class=\"elementor-tab-title elementor-tab-desktop-title\" aria-selected=\"false\" data-tab=\"6\" role=\"tab\" tabindex=\"-1\" aria-controls=\"elementor-tab-content-6106\" aria-expanded=\"false\">6. Contact<\/div>\n\t\t\t\t\t\t\t<\/div>\n\t\t\t<div class=\"elementor-tabs-content-wrapper\" role=\"tablist\" aria-orientation=\"vertical\">\n\t\t\t\t\t\t\t\t\t<div class=\"elementor-tab-title elementor-tab-mobile-title\" aria-selected=\"true\" data-tab=\"1\" role=\"tab\" tabindex=\"0\" aria-controls=\"elementor-tab-content-6101\" aria-expanded=\"false\">1. Utilisation des cookies<\/div>\n\t\t\t\t\t<div id=\"elementor-tab-content-6101\" class=\"elementor-tab-content elementor-clearfix\" data-tab=\"1\" role=\"tabpanel\" aria-labelledby=\"elementor-tab-title-6101\" tabindex=\"0\" hidden=\"false\"><p data-start=\"3787\" data-end=\"3823\">Le site utilise des cookies pour :<\/p><ul data-start=\"3824\" data-end=\"4010\"><li data-start=\"3824\" data-end=\"3866\"><p data-start=\"3826\" data-end=\"3866\">Assurer le bon fonctionnement du site,<\/p><\/li><li data-start=\"3867\" data-end=\"3906\"><p data-start=\"3869\" data-end=\"3906\">Am\u00e9liorer l\u2019exp\u00e9rience utilisateur,<\/p><\/li><li data-start=\"3907\" data-end=\"3969\"><p data-start=\"3909\" data-end=\"3969\">Mesurer l\u2019audience et les performances (Google Analytics),<\/p><\/li><li data-start=\"3970\" data-end=\"4010\"><p data-start=\"3972\" data-end=\"4010\">Prot\u00e9ger le site (Google reCAPTCHA).<\/p><\/li><\/ul><\/div>\n\t\t\t\t\t\t\t\t\t<div class=\"elementor-tab-title elementor-tab-mobile-title\" aria-selected=\"false\" data-tab=\"2\" role=\"tab\" tabindex=\"-1\" aria-controls=\"elementor-tab-content-6102\" aria-expanded=\"false\">2. Types de cookies<\/div>\n\t\t\t\t\t<div id=\"elementor-tab-content-6102\" class=\"elementor-tab-content elementor-clearfix\" data-tab=\"2\" role=\"tabpanel\" aria-labelledby=\"elementor-tab-title-6102\" tabindex=\"0\" hidden=\"hidden\"><ul><li data-start=\"4038\" data-end=\"4099\"><p data-start=\"4040\" data-end=\"4099\"><strong data-start=\"4040\" data-end=\"4054\">Essentiels<\/strong> : n\u00e9cessaires au fonctionnement technique.<\/p><\/li><li data-start=\"4100\" data-end=\"4172\"><p data-start=\"4102\" data-end=\"4172\"><strong data-start=\"4102\" data-end=\"4118\">Fonctionnels<\/strong> : enregistrent vos pr\u00e9f\u00e9rences (langue, affichage).<\/p><\/li><li data-start=\"4173\" data-end=\"4246\"><p data-start=\"4175\" data-end=\"4246\"><strong data-start=\"4175\" data-end=\"4190\">Analytiques<\/strong> : permettent d\u2019am\u00e9liorer le contenu et la navigation.<\/p><\/li><\/ul><\/div>\n\t\t\t\t\t\t\t\t\t<div class=\"elementor-tab-title elementor-tab-mobile-title\" aria-selected=\"false\" data-tab=\"3\" role=\"tab\" tabindex=\"-1\" aria-controls=\"elementor-tab-content-6103\" aria-expanded=\"false\">3. Consentement<\/div>\n\t\t\t\t\t<div id=\"elementor-tab-content-6103\" class=\"elementor-tab-content elementor-clearfix\" data-tab=\"3\" role=\"tabpanel\" aria-labelledby=\"elementor-tab-title-6103\" tabindex=\"0\" hidden=\"hidden\"><p>Lors de la premi\u00e8re visite, une banni\u00e8re permet d\u2019accepter, de refuser ou de param\u00e9trer les cookies.<br data-start=\"4370\" data-end=\"4373\" \/>Vos pr\u00e9f\u00e9rences peuvent \u00eatre modifi\u00e9es \u00e0 tout moment via le lien <em data-start=\"4438\" data-end=\"4459\">\u201cG\u00e9rer les cookies\u201d<\/em> en pied de page.<\/p><\/div>\n\t\t\t\t\t\t\t\t\t<div class=\"elementor-tab-title elementor-tab-mobile-title\" aria-selected=\"false\" data-tab=\"4\" role=\"tab\" tabindex=\"-1\" aria-controls=\"elementor-tab-content-6104\" aria-expanded=\"false\">4. D\u00e9sactivation manuelle<\/div>\n\t\t\t\t\t<div id=\"elementor-tab-content-6104\" class=\"elementor-tab-content elementor-clearfix\" data-tab=\"4\" role=\"tabpanel\" aria-labelledby=\"elementor-tab-title-6104\" tabindex=\"0\" hidden=\"hidden\"><p>Vous pouvez \u00e9galement d\u00e9sactiver les cookies via les param\u00e8tres de votre navigateur.<\/p><\/div>\n\t\t\t\t\t\t\t\t\t<div class=\"elementor-tab-title elementor-tab-mobile-title\" aria-selected=\"false\" data-tab=\"5\" role=\"tab\" tabindex=\"-1\" aria-controls=\"elementor-tab-content-6105\" aria-expanded=\"false\">5. Dur\u00e9e de conservation<\/div>\n\t\t\t\t\t<div id=\"elementor-tab-content-6105\" class=\"elementor-tab-content elementor-clearfix\" data-tab=\"5\" role=\"tabpanel\" aria-labelledby=\"elementor-tab-title-6105\" tabindex=\"0\" hidden=\"hidden\"><p data-start=\"4631\" data-end=\"4683\">Les cookies sont conserv\u00e9s au maximum <strong data-start=\"4669\" data-end=\"4680\">13 mois<\/strong>.<\/p><h3 data-start=\"4685\" data-end=\"4701\">\u00a0<\/h3><\/div>\n\t\t\t\t\t\t\t\t\t<div class=\"elementor-tab-title elementor-tab-mobile-title\" aria-selected=\"false\" data-tab=\"6\" role=\"tab\" tabindex=\"-1\" aria-controls=\"elementor-tab-content-6106\" aria-expanded=\"false\">6. Contact<\/div>\n\t\t\t\t\t<div id=\"elementor-tab-content-6106\" class=\"elementor-tab-content elementor-clearfix\" data-tab=\"6\" role=\"tabpanel\" aria-labelledby=\"elementor-tab-title-6106\" tabindex=\"0\" hidden=\"hidden\"><p>Pour toute question relative \u00e0 la gestion des cookies :<br data-start=\"4757\" data-end=\"4760\" \/>E-mail : contact@privatechefjavier.com<\/p><\/div>\n\t\t\t\t\t\t\t<\/div>\n\t\t<\/div>\n\t\t\t\t\t\t<\/div>\n\t\t\t\t<div class=\"elementor-element elementor-element-a2c4f0e elementor-widget elementor-widget-spacer\" data-id=\"a2c4f0e\" data-element_type=\"widget\" data-widget_type=\"spacer.default\">\n\t\t\t\t\t\t\t<div class=\"elementor-spacer\">\n\t\t\t<div class=\"elementor-spacer-inner\"><\/div>\n\t\t<\/div>\n\t\t\t\t\t\t<\/div>\n\t\t\t\t\t<\/div>\n\t\t<\/div>\n\t\t\t\t\t<\/div>\n\t\t<\/section>\n\t\t\t\t<\/div>","protected":false},"excerpt":{"rendered":"<p>Politique de cookies 1. Utilisation des cookies 2. Types de cookies 3. Consentement 4. D\u00e9sactivation manuelle 5. Dur\u00e9e de conservation 6. Contact 1. Utilisation des cookies Le site utilise des cookies pour : Assurer le bon fonctionnement du site, Am\u00e9liorer l\u2019exp\u00e9rience utilisateur, Mesurer l\u2019audience et les performances (Google Analytics), Prot\u00e9ger le site (Google reCAPTCHA). 2. [&hellip;]<\/p>","protected":false},"author":1,"featured_media":0,"parent":0,"menu_order":0,"comment_status":"closed","ping_status":"closed","template":"","meta":{"footnotes":""},"class_list":["post-418","page","type-page","status-publish","hentry"],"yoast_head":"<!-- This site is optimized with the Yoast SEO plugin v26.3 - https:\/\/yoast.com\/wordpress\/plugins\/seo\/ -->\n<title>Politique de cookies \u2013 Private Chef Javier | Site officiel<\/title>\n<meta name=\"description\" content=\"Apprenez-en plus sur l\u2019utilisation des cookies par Private Chef Javier : gestion du consentement, types de cookies et dur\u00e9e de conservation.\" \/>\n<meta name=\"robots\" content=\"index, follow, max-snippet:-1, max-image-preview:large, max-video-preview:-1\" \/>\n<link rel=\"canonical\" href=\"https:\/\/privatechefjavier.com\/en\/politique-de-cookies\/\" \/>\n<meta property=\"og:locale\" content=\"en_GB\" \/>\n<meta property=\"og:type\" content=\"article\" \/>\n<meta property=\"og:title\" content=\"Politique de cookies \u2013 Private Chef Javier | Site officiel\" \/>\n<meta property=\"og:description\" content=\"Apprenez-en plus sur l\u2019utilisation des cookies par Private Chef Javier : gestion du consentement, types de cookies et dur\u00e9e de conservation.\" \/>\n<meta property=\"og:url\" content=\"https:\/\/privatechefjavier.com\/en\/politique-de-cookies\/\" \/>\n<meta property=\"og:site_name\" content=\"privatechefjavier.com\" \/>\n<meta property=\"article:modified_time\" content=\"2025-11-09T18:28:49+00:00\" \/>\n<meta name=\"twitter:card\" content=\"summary_large_image\" \/>\n<meta name=\"twitter:label1\" content=\"Estimated reading time\" \/>\n\t<meta name=\"twitter:data1\" content=\"1 minute\" \/>\n<script type=\"application\/ld+json\" class=\"yoast-schema-graph\">{\"@context\":\"https:\/\/schema.org\",\"@graph\":[{\"@type\":\"WebPage\",\"@id\":\"https:\/\/privatechefjavier.com\/politique-de-cookies\/\",\"url\":\"https:\/\/privatechefjavier.com\/politique-de-cookies\/\",\"name\":\"Politique de cookies \u2013 Private Chef Javier | Site officiel\",\"isPartOf\":{\"@id\":\"https:\/\/privatechefjavier.com\/#website\"},\"datePublished\":\"2025-11-06T15:40:13+00:00\",\"dateModified\":\"2025-11-09T18:28:49+00:00\",\"description\":\"Apprenez-en plus sur l\u2019utilisation des cookies par Private Chef Javier : gestion du consentement, types de cookies et dur\u00e9e de conservation.\",\"breadcrumb\":{\"@id\":\"https:\/\/privatechefjavier.com\/politique-de-cookies\/#breadcrumb\"},\"inLanguage\":\"en-GB\",\"potentialAction\":[{\"@type\":\"ReadAction\",\"target\":[\"https:\/\/privatechefjavier.com\/politique-de-cookies\/\"]}]},{\"@type\":\"BreadcrumbList\",\"@id\":\"https:\/\/privatechefjavier.com\/politique-de-cookies\/#breadcrumb\",\"itemListElement\":[{\"@type\":\"ListItem\",\"position\":1,\"name\":\"Accueil\",\"item\":\"https:\/\/privatechefjavier.com\/\"},{\"@type\":\"ListItem\",\"position\":2,\"name\":\"Politique de Cookies\"}]},{\"@type\":\"WebSite\",\"@id\":\"https:\/\/privatechefjavier.com\/#website\",\"url\":\"https:\/\/privatechefjavier.com\/\",\"name\":\"privatechefjavier.com\",\"description\":\"Private Chef Javier\",\"potentialAction\":[{\"@type\":\"SearchAction\",\"target\":{\"@type\":\"EntryPoint\",\"urlTemplate\":\"https:\/\/privatechefjavier.com\/?s={search_term_string}\"},\"query-input\":{\"@type\":\"PropertyValueSpecification\",\"valueRequired\":true,\"valueName\":\"search_term_string\"}}],\"inLanguage\":\"en-GB\"}]}<\/script>\n<!-- \/ Yoast SEO plugin. -->","yoast_head_json":{"title":"Politique de cookies \u2013 Private Chef Javier | Site officiel","description":"Apprenez-en plus sur l\u2019utilisation des cookies par Private Chef Javier : gestion du consentement, types de cookies et dur\u00e9e de conservation.","robots":{"index":"index","follow":"follow","max-snippet":"max-snippet:-1","max-image-preview":"max-image-preview:large","max-video-preview":"max-video-preview:-1"},"canonical":"https:\/\/privatechefjavier.com\/en\/politique-de-cookies\/","og_locale":"en_GB","og_type":"article","og_title":"Politique de cookies \u2013 Private Chef Javier | Site officiel","og_description":"Apprenez-en plus sur l\u2019utilisation des cookies par Private Chef Javier : gestion du consentement, types de cookies et dur\u00e9e de conservation.","og_url":"https:\/\/privatechefjavier.com\/en\/politique-de-cookies\/","og_site_name":"privatechefjavier.com","article_modified_time":"2025-11-09T18:28:49+00:00","twitter_card":"summary_large_image","twitter_misc":{"Estimated reading time":"1 minute"},"schema":{"@context":"https:\/\/schema.org","@graph":[{"@type":"WebPage","@id":"https:\/\/privatechefjavier.com\/politique-de-cookies\/","url":"https:\/\/privatechefjavier.com\/politique-de-cookies\/","name":"Politique de cookies \u2013 Private Chef Javier | Site officiel","isPartOf":{"@id":"https:\/\/privatechefjavier.com\/#website"},"datePublished":"2025-11-06T15:40:13+00:00","dateModified":"2025-11-09T18:28:49+00:00","description":"Apprenez-en plus sur l\u2019utilisation des cookies par Private Chef Javier : gestion du consentement, types de cookies et dur\u00e9e de conservation.","breadcrumb":{"@id":"https:\/\/privatechefjavier.com\/politique-de-cookies\/#breadcrumb"},"inLanguage":"en-GB","potentialAction":[{"@type":"ReadAction","target":["https:\/\/privatechefjavier.com\/politique-de-cookies\/"]}]},{"@type":"BreadcrumbList","@id":"https:\/\/privatechefjavier.com\/politique-de-cookies\/#breadcrumb","itemListElement":[{"@type":"ListItem","position":1,"name":"Accueil","item":"https:\/\/privatechefjavier.com\/"},{"@type":"ListItem","position":2,"name":"Politique de Cookies"}]},{"@type":"WebSite","@id":"https:\/\/privatechefjavier.com\/#website","url":"https:\/\/privatechefjavier.com\/","name":"privatechefjavier.com","description":"Private Chef Javier","potentialAction":[{"@type":"SearchAction","target":{"@type":"EntryPoint","urlTemplate":"https:\/\/privatechefjavier.com\/?s={search_term_string}"},"query-input":{"@type":"PropertyValueSpecification","valueRequired":true,"valueName":"search_term_string"}}],"inLanguage":"en-GB"}]}},"_hostinger_reach_plugin_has_subscription_block":false,"_hostinger_reach_plugin_is_elementor":false,"_links":{"self":[{"href":"https:\/\/privatechefjavier.com\/en\/wp-json\/wp\/v2\/pages\/418","targetHints":{"allow":["GET"]}}],"collection":[{"href":"https:\/\/privatechefjavier.com\/en\/wp-json\/wp\/v2\/pages"}],"about":[{"href":"https:\/\/privatechefjavier.com\/en\/wp-json\/wp\/v2\/types\/page"}],"author":[{"embeddable":true,"href":"https:\/\/privatechefjavier.com\/en\/wp-json\/wp\/v2\/users\/1"}],"replies":[{"embeddable":true,"href":"https:\/\/privatechefjavier.com\/en\/wp-json\/wp\/v2\/comments?post=418"}],"version-history":[{"count":10,"href":"https:\/\/privatechefjavier.com\/en\/wp-json\/wp\/v2\/pages\/418\/revisions"}],"predecessor-version":[{"id":640,"href":"https:\/\/privatechefjavier.com\/en\/wp-json\/wp\/v2\/pages\/418\/revisions\/640"}],"wp:attachment":[{"href":"https:\/\/privatechefjavier.com\/en\/wp-json\/wp\/v2\/media?parent=418"}],"curies":[{"name":"wp","href":"https:\/\/api.w.org\/{rel}","templated":true}]}}